{"id":19,"date":"2022-01-27T12:01:35","date_gmt":"2022-01-27T11:01:35","guid":{"rendered":"https:\/\/emmagenty.fr\/?page_id=19"},"modified":"2025-01-05T15:24:02","modified_gmt":"2025-01-05T14:24:02","slug":"a-propos","status":"publish","type":"page","link":"https:\/\/emmagenty.fr\/en\/a-propos\/","title":{"rendered":"About"},"content":{"rendered":"<p>[et_pb_section fb_built=\u00a0\u00bb1&Prime; custom_padding_last_edited=\u00a0\u00bbon|desktop\u00a0\u00bb _builder_version=\u00a0\u00bb4.10.3&Prime; _module_preset=\u00a0\u00bbdefault\u00a0\u00bb background_image=\u00a0\u00bbhttps:\/\/emmagenty.fr\/wp-content\/uploads\/2022\/01\/DSC_0206-scaled.jpg\u00a0\u00bb custom_padding=\u00a0\u00bb63px||63px||true|false\u00a0\u00bb custom_padding_tablet=\u00a0\u00bb\u00a0\u00bb custom_padding_phone=\u00a0\u00bb\u00a0\u00bb global_colors_info=\u00a0\u00bb{}\u00a0\u00bb][et_pb_row custom_padding_last_edited=\u00a0\u00bbon|desktop\u00a0\u00bb _builder_version=\u00a0\u00bb4.10.3&Prime; _module_preset=\u00a0\u00bbdefault\u00a0\u00bb background_color=\u00a0\u00bb#FFFFFF\u00a0\u00bb width=\u00a0\u00bb34%\u00a0\u00bb width_tablet=\u00a0\u00bb\u00a0\u00bb width_phone=\u00a0\u00bb80%\u00a0\u00bb width_last_edited=\u00a0\u00bbon|phone\u00a0\u00bb custom_margin=\u00a0\u00bb|||61%|false|false\u00a0\u00bb custom_margin_tablet=\u00a0\u00bb\u00a0\u00bb custom_margin_phone=\u00a0\u00bb|7%||10%|false|false\u00a0\u00bb custom_margin_last_edited=\u00a0\u00bbon|desktop\u00a0\u00bb custom_padding=\u00a0\u00bb7vh|5vh|7vh|5vh|true|true\u00a0\u00bb custom_padding_tablet=\u00a0\u00bb\u00a0\u00bb custom_padding_phone=\u00a0\u00bb||||false|false\u00a0\u00bb global_colors_info=\u00a0\u00bb{}\u00a0\u00bb][et_pb_column type=\u00a0\u00bb4_4&Prime; _builder_version=\u00a0\u00bb4.10.3&Prime; _module_preset=\u00a0\u00bbdefault\u00a0\u00bb global_colors_info=\u00a0\u00bb{}\u00a0\u00bb][et_pb_post_title meta=\u00a0\u00bboff\u00a0\u00bb featured_image=\u00a0\u00bboff\u00a0\u00bb _builder_version=\u00a0\u00bb4.10.3&Prime; _module_preset=\u00a0\u00bbdefault\u00a0\u00bb title_font=\u00a0\u00bbArial||||||||\u00a0\u00bb hover_enabled=\u00a0\u00bb0&Prime; global_colors_info=\u00a0\u00bb{}\u00a0\u00bb sticky_enabled=\u00a0\u00bb0&Prime;][\/et_pb_post_title][et_pb_text _builder_version=\u00a0\u00bb4.10.3&Prime; _module_preset=\u00a0\u00bbdefault\u00a0\u00bb text_font=\u00a0\u00bbArial||||||||\u00a0\u00bb text_orientation=\u00a0\u00bbjustified\u00a0\u00bb hover_enabled=\u00a0\u00bb0&Prime; global_colors_info=\u00a0\u00bb{}\u00a0\u00bb sticky_enabled=\u00a0\u00bb0&Prime; inline_fonts=\u00a0\u00bbGeorgia\u00a0\u00bb]<\/p>\n<p><span style=\"font-family: Georgia; font-weight: normal;\">Emma Genty, n\u00e9e le 27.02.1996, vit et travaille au Havre.<\/span><\/p>\n<p><span style=\"font-family: Georgia; font-weight: normal;\">Emma Genty est sp\u00e9cialis\u00e9e dans la repr\u00e9sentation du paysage, elle r\u00e9fl\u00e9chit \u00e0 la variation et la retranscription artistique, mais aussi linguistique d\u2019espace naturel.<\/span><\/p>\n<p><span style=\"font-family: Georgia; font-weight: normal;\">Elle porte un regard attentif sur la nature environnante. Elle s\u2019est aper\u00e7ue de son inclination \u00e0 s\u2019\u00e9merveiller de ce qui l&rsquo;entourait alors qu\u2019elle observait les \u00e9tendues de couleurs de la nature \u00e0 la campagne. Sa fascination pour ces espaces naturels la pousse dans une retranscription personnelle de ces lieux, sources d\u2019\u00e9merveillements jusqu\u2019\u00e0 en collectionner les d\u00e9tails qui constituent son admiration : les couleurs du paysage, les silhouettes de cimes de montagne, des roches ou des enregistrements sonores multiples qui immortalisent les instants de d\u00e9couverte.<\/span><\/p>\n<p><span style=\"font-family: Georgia; font-weight: normal;\">Lors de la rencontre des lieux, s\u2019ex\u00e9cute un r\u00e9el travail d\u2019emmagasinement et entretient sa m\u00e9moire pour mieux cultiver les couleurs. Chaque couleur se voit un jour r\u00e9utilis\u00e9e, toutefois m\u00e9tamorphos\u00e9e par le temps, s\u2019affranchissant presque de la r\u00e9alit\u00e9.<\/span><\/p>\n<p><span style=\"font-family: Georgia; font-weight: normal;\">En parall\u00e8le de son travail de plasticienne, elle d\u00e9veloppe une \u00e9criture de lieux comme des fresques. Elle est attentive aux mots et aux couleurs pour former le paysage mental de sa cr\u00e9ation plastique et de ses \u00e9crits. Elle d\u00e9roule des ambiances douces qui s\u2019embrument, s\u2019acc\u00e9l\u00e8rent ou d\u00e9chantent.<\/span><\/p>\n<p><span style=\"font-family: Georgia; font-weight: normal;\">Ces motifs de cr\u00e9ations sont puis\u00e9s dans ses randonn\u00e9es, les rencontres avec la peinture d\u2019artistes du paysage et la lecture de leurs mondes litt\u00e9raires. L\u2019\u00e9criture est devenue mati\u00e8re \u00e0 ambiance, un m\u00e9dium dans son travail d\u2019artiste et d\u2019autrice pour traduire le ressenti direct d\u2019un lieu.<\/span><\/p>\n<p><span style=\"font-family: Georgia; font-weight: normal;\">Elle n\u2019intervient pas sur l\u2019environnement naturel, elle d\u00e9place sa vision et la r\u00e9interpr\u00e8te dans un espace d\u2019exposition, entre des pages. Ses \u0153uvres sont des inspirations et chaque composition est le r\u00e9sultat d\u2019une \u00e9tude consciencieuse. Elles sont l\u2019interpr\u00e9tation personnelle d\u2019un lieu, d\u2019une sc\u00e8ne vue un jour.<\/span><\/p>\n<p><span style=\"font-family: Georgia; font-weight: normal;\">Son travail plastique fr\u00f4le souvent l\u2019installation aux dimensions monumentales, ses collections sont de minuscules morceaux de d\u00e9ambulation.<\/span><\/p>\n<p><span style=\"font-family: Georgia; font-weight: normal;\">\u00a0<\/span><\/p>\n<p><span style=\"font-family: Georgia; font-weight: normal;\">Le paysage est moteur de cr\u00e9ation, les couleurs sont l\u2019essence.<\/span><\/p>\n<p>[\/et_pb_text][\/et_pb_column][\/et_pb_row][\/et_pb_section]<\/p>","protected":false},"excerpt":{"rendered":"<p>[et_pb_section fb_built=\u00a0\u00bb1&Prime; custom_padding_last_edited=\u00a0\u00bbon|desktop\u00a0\u00bb _builder_version=\u00a0\u00bb4.10.3&Prime; _module_preset=\u00a0\u00bbdefault\u00a0\u00bb background_image=\u00a0\u00bbhttps:\/\/emmagenty.fr\/wp-content\/uploads\/2022\/01\/DSC_0206-scaled.jpg\u00a0\u00bb custom_padding=\u00a0\u00bb63px||63px||true|false\u00a0\u00bb custom_padding_tablet=\u00a0\u00bb\u00a0\u00bb custom_padding_phone=\u00a0\u00bb\u00a0\u00bb global_colors_info=\u00a0\u00bb{}\u00a0\u00bb][et_pb_row custom_padding_last_edited=\u00a0\u00bbon|desktop\u00a0\u00bb _builder_version=\u00a0\u00bb4.10.3&Prime; _module_preset=\u00a0\u00bbdefault\u00a0\u00bb background_color=\u00a0\u00bb#FFFFFF\u00a0\u00bb width=\u00a0\u00bb34%\u00a0\u00bb width_tablet=\u00a0\u00bb\u00a0\u00bb width_phone=\u00a0\u00bb80%\u00a0\u00bb width_last_edited=\u00a0\u00bbon|phone\u00a0\u00bb custom_margin=\u00a0\u00bb|||61%|false|false\u00a0\u00bb custom_margin_tablet=\u00a0\u00bb\u00a0\u00bb custom_margin_phone=\u00a0\u00bb|7%||10%|false|false\u00a0\u00bb custom_margin_last_edited=\u00a0\u00bbon|desktop\u00a0\u00bb custom_padding=\u00a0\u00bb7vh|5vh|7vh|5vh|true|true\u00a0\u00bb custom_padding_tablet=\u00a0\u00bb\u00a0\u00bb custom_padding_phone=\u00a0\u00bb||||false|false\u00a0\u00bb global_colors_info=\u00a0\u00bb{}\u00a0\u00bb][et_pb_column type=\u00a0\u00bb4_4&Prime; _builder_version=\u00a0\u00bb4.10.3&Prime; _module_preset=\u00a0\u00bbdefault\u00a0\u00bb global_colors_info=\u00a0\u00bb{}\u00a0\u00bb][et_pb_post_title meta=\u00a0\u00bboff\u00a0\u00bb featured_image=\u00a0\u00bboff\u00a0\u00bb _builder_version=\u00a0\u00bb4.10.3&Prime; _module_preset=\u00a0\u00bbdefault\u00a0\u00bb title_font=\u00a0\u00bbArial||||||||\u00a0\u00bb hover_enabled=\u00a0\u00bb0&Prime; global_colors_info=\u00a0\u00bb{}\u00a0\u00bb sticky_enabled=\u00a0\u00bb0&Prime;][\/et_pb_post_title][et_pb_text _builder_version=\u00a0\u00bb4.10.3&Prime; _module_preset=\u00a0\u00bbdefault\u00a0\u00bb text_font=\u00a0\u00bbArial||||||||\u00a0\u00bb text_orientation=\u00a0\u00bbjustified\u00a0\u00bb hover_enabled=\u00a0\u00bb0&Prime; global_colors_info=\u00a0\u00bb{}\u00a0\u00bb sticky_enabled=\u00a0\u00bb0&Prime; inline_fonts=\u00a0\u00bbGeorgia\u00a0\u00bb] Emma Genty, n\u00e9e le 27.02.1996, vit et travaille au [&hellip;]<\/p>","protected":false},"author":1,"featured_media":0,"parent":0,"menu_order":0,"comment_status":"closed","ping_status":"closed","template":"","meta":{"footnotes":""},"class_list":["post-19","page","type-page","status-publish","hentry"],"_links":{"self":[{"href":"https:\/\/emmagenty.fr\/en\/wp-json\/wp\/v2\/pages\/19","targetHints":{"allow":["GET"]}}],"collection":[{"href":"https:\/\/emmagenty.fr\/en\/wp-json\/wp\/v2\/pages"}],"about":[{"href":"https:\/\/emmagenty.fr\/en\/wp-json\/wp\/v2\/types\/page"}],"author":[{"embeddable":true,"href":"https:\/\/emmagenty.fr\/en\/wp-json\/wp\/v2\/users\/1"}],"replies":[{"embeddable":true,"href":"https:\/\/emmagenty.fr\/en\/wp-json\/wp\/v2\/comments?post=19"}],"version-history":[{"count":12,"href":"https:\/\/emmagenty.fr\/en\/wp-json\/wp\/v2\/pages\/19\/revisions"}],"predecessor-version":[{"id":444,"href":"https:\/\/emmagenty.fr\/en\/wp-json\/wp\/v2\/pages\/19\/revisions\/444"}],"wp:attachment":[{"href":"https:\/\/emmagenty.fr\/en\/wp-json\/wp\/v2\/media?parent=19"}],"curies":[{"name":"wp","href":"https:\/\/api.w.org\/{rel}","templated":true}]}}